{"id":7450,"date":"2018-06-19T10:50:34","date_gmt":"2018-06-19T10:50:34","guid":{"rendered":"https:\/\/biokamino.com\/biocamini\/"},"modified":"2021-10-07T11:36:54","modified_gmt":"2021-10-07T09:36:54","slug":"biocheminees","status":"publish","type":"page","link":"https:\/\/biokamino.com\/fr\/biocheminees\/","title":{"rendered":"BIOCHEMINEES"},"content":{"rendered":"<div class=\"fusion-fullwidth fullwidth-box fusion-builder-row-1 fusion-flex-container nonhundred-percent-fullwidth non-hundred-percent-height-scrolling\" style=\"--awb-border-radius-top-left:0px;--awb-border-radius-top-right:0px;--awb-border-radius-bottom-right:0px;--awb-border-radius-bottom-left:0px;--awb-flex-wrap:wrap;\" ><div class=\"fusion-builder-row fusion-row fusion-flex-align-items-stretch fusion-flex-content-wrap\" style=\"max-width:1216.8px;margin-left: calc(-4% \/ 2 );margin-right: calc(-4% \/ 2 );\"><div class=\"fusion-layout-column fusion_builder_column fusion-builder-column-0 fusion_builder_column_1_1 1_1 fusion-flex-column\" style=\"--awb-bg-size:cover;--awb-width-large:100%;--awb-margin-top-large:0px;--awb-spacing-right-large:1.92%;--awb-margin-bottom-large:20px;--awb-spacing-left-large:1.92%;--awb-width-medium:100%;--awb-spacing-right-medium:1.92%;--awb-spacing-left-medium:1.92%;--awb-width-small:100%;--awb-spacing-right-small:1.92%;--awb-spacing-left-small:1.92%;\"><div class=\"fusion-column-wrapper fusion-flex-justify-content-center fusion-content-layout-column\"><div class=\"fusion-title title fusion-title-1 sep-underline sep-solid fusion-title-text fusion-title-size-one\" style=\"--awb-margin-top-small:2%;--awb-margin-right-small:0px;--awb-margin-bottom-small:2%;--awb-margin-left-small:0px;\"><h1 class=\"fusion-title-heading title-heading-left fusion-responsive-typography-calculated\" style=\"margin:0;--fontSize:40;line-height:1.5;\"><h2>BIOCHEMINEES<\/h2><\/h1><\/div><div class=\"fusion-flip-boxes flip-boxes row fusion-columns-4 flip-effect-classic equal-heights\"><div class=\"fusion-flip-box-wrapper fusion-column col-lg-3 col-md-3 col-sm-3\"><div class=\"fusion-flip-box flip-right\" tabindex=\"0\"><div class=\"flip-box-inner-wrapper\"><div class=\"flip-box-front\" style=\"--awb-border-radius:10px;--awb-background-color-front:#ffffff;\"><div class=\"flip-box-front-inner\"><div class=\"flip-box-grafix flip-box-image\"><img decoding=\"async\" src=\"https:\/\/biokamino.com\/wp-content\/uploads\/2021\/04\/BIOKAMINO-BIOCAMINI-INCASSO-CATEGORIA.jpg\" width=\"200\" height=\"266.67\" alt=\"\" \/><\/div>CHEMINEES A ENCASTRER<\/div><\/div><div class=\"flip-box-back\" style=\"--awb-border-radius:10px;--awb-background-color-back:#ffffff;\"><div class=\"flip-box-back-inner\">\n<h4 style=\"text-align: center;\"><a href=\"https:\/\/biokamino.com\/fr\/biocheminees\/encastrer\/\"><span style=\"color: #000000;\">CHEMINEES A ENCASTRER<\/span><\/a><\/h4>\n<p style=\"text-align: center;\"><a href=\"https:\/\/biokamino.com\/fr\/biocheminees\/encastrer\/\"><span style=\"color: #000000;\">Les meilleures solutions \u00e0 encastrer pour r\u00e9pondre \u00e0 tous les types d&#8217;exigence. Dimensions personnalisables.<\/span><\/a><\/p>\n<\/div><\/div><\/div><\/div><\/div><div class=\"fusion-flip-box-wrapper fusion-column col-lg-3 col-md-3 col-sm-3\"><div class=\"fusion-flip-box flip-right\" tabindex=\"0\"><div class=\"flip-box-inner-wrapper\"><div class=\"flip-box-front\" style=\"--awb-border-radius:10px;--awb-background-color-front:#ffffff;\"><div class=\"flip-box-front-inner\"><div class=\"flip-box-grafix flip-box-image\"><img decoding=\"async\" src=\"https:\/\/biokamino.com\/wp-content\/uploads\/2021\/04\/BIOKAMINO-BIOCAMINI-PARETE-CATEGORIA.jpg\" width=\"200\" height=\"266.67\" alt=\"\" \/><\/div>CHEMINEES MURALES<\/div><\/div><div class=\"flip-box-back\" style=\"--awb-border-radius:10px;--awb-background-color-back:#ffffff;\"><div class=\"flip-box-back-inner\">\n<h4 style=\"text-align: center;\"><a href=\"https:\/\/biokamino.com\/biocamini\/parete\/\"><span style=\"color: #000000;\">CHEMINEES MURALES<\/span><\/a><\/h4>\n<p style=\"text-align: center;\"><a href=\"https:\/\/biokamino.com\/biocamini\/parete\/\"><span style=\"color: #000000;\">Une ligne moderne de bio-chemin\u00e9es murales qui associe l&#8217;harmonie d\u00e9corative d&#8217;un cadre \u00e0 l&#8217;atmosph\u00e8re chaleureuse d&#8217;un feu. Facile \u00e0 fixer et \u00e0 enlever.<\/span><\/a><\/p>\n<\/div><\/div><\/div><\/div><\/div><div class=\"fusion-flip-box-wrapper fusion-column col-lg-3 col-md-3 col-sm-3\"><div class=\"fusion-flip-box flip-right\" tabindex=\"0\"><div class=\"flip-box-inner-wrapper\"><div class=\"flip-box-front\" style=\"--awb-border-radius:10px;--awb-background-color-front:#ffffff;\"><div class=\"flip-box-front-inner\"><div class=\"flip-box-grafix flip-box-image\"><img decoding=\"async\" src=\"https:\/\/biokamino.com\/wp-content\/uploads\/2021\/04\/BIOKAMINO-BIOCAMINI-PAVIMENTO-CATEGORIA.jpg\" width=\"200\" height=\"266.67\" alt=\"\" \/><\/div>CHEMINEES A POSER AU SOL<\/div><\/div><div class=\"flip-box-back\" style=\"--awb-border-radius:10px;--awb-background-color-back:#ffffff;\"><div class=\"flip-box-back-inner\">\n<h4 style=\"text-align: center;\"><a href=\"https:\/\/biokamino.com\/biocamini\/pavimento\/\"><span style=\"color: #000000;\">CHEMINEES A POSER AU SOL<\/span><\/a><\/h4>\n<p style=\"text-align: center;\"><a href=\"https:\/\/biokamino.com\/biocamini\/pavimento\/\"><span style=\"color: #000000;\">Distinctives et \u00e0 effet, elles capturent l&#8217;attention gr\u00e2ce \u00e0 leur design recherch\u00e9 tant moderne que classique. Faciles \u00e0 d\u00e9placer, elles s&#8217;adaptent \u00e0 tous les espaces.<\/span><\/a><\/p>\n<\/div><\/div><\/div><\/div><\/div><div class=\"fusion-flip-box-wrapper fusion-column col-lg-3 col-md-3 col-sm-3\"><div class=\"fusion-flip-box flip-right\" tabindex=\"0\"><div class=\"flip-box-inner-wrapper\"><div class=\"flip-box-front\" style=\"--awb-border-radius:10px;--awb-background-color-front:#ffffff;\"><div class=\"flip-box-front-inner\"><div class=\"flip-box-grafix flip-box-image\"><img decoding=\"async\" src=\"https:\/\/biokamino.com\/wp-content\/uploads\/2021\/04\/BIOKAMINO-BIOCAMINI-SU-MISURA-CATEGORIA-MENU.jpg\" width=\"200\" height=\"266.67\" alt=\"\" \/><\/div>PERSONNALISEES<\/div><\/div><div class=\"flip-box-back\" style=\"--awb-border-radius:10px;--awb-background-color-back:#ffffff;\"><div class=\"flip-box-back-inner\">\n<h4 style=\"text-align: center;\"><a href=\"https:\/\/biokamino.com\/biocamini\/su-misura\/\"><span style=\"color: #000000;\">PERSONNALISEES<\/span><\/a><\/h4>\n<p style=\"text-align: center;\"><a href=\"https:\/\/biokamino.com\/biocamini\/su-misura\/\"><span style=\"color: #000000;\">Pour une bio-chemin\u00e9e sp\u00e9ciale, invent\u00e9e et fabriqu\u00e9e selon vos go\u00fbts personnels et votre propre d\u00e9cor, pour une ambiance exclusive qui t\u00e9moigne le style de la personne qui l&#8217;habite.<\/span><\/a><\/p>\n<\/div><\/div><\/div><\/div><\/div><\/div><\/div><\/div><\/div><\/div>\n","protected":false},"excerpt":{"rendered":"","protected":false},"author":1,"featured_media":6133,"parent":0,"menu_order":0,"comment_status":"closed","ping_status":"closed","template":"100-width.php","meta":{"footnotes":""},"class_list":["post-7450","page","type-page","status-publish","has-post-thumbnail","hentry"],"_links":{"self":[{"href":"https:\/\/biokamino.com\/fr\/wp-json\/wp\/v2\/pages\/7450","targetHints":{"allow":["GET"]}}],"collection":[{"href":"https:\/\/biokamino.com\/fr\/wp-json\/wp\/v2\/pages"}],"about":[{"href":"https:\/\/biokamino.com\/fr\/wp-json\/wp\/v2\/types\/page"}],"author":[{"embeddable":true,"href":"https:\/\/biokamino.com\/fr\/wp-json\/wp\/v2\/users\/1"}],"replies":[{"embeddable":true,"href":"https:\/\/biokamino.com\/fr\/wp-json\/wp\/v2\/comments?post=7450"}],"version-history":[{"count":5,"href":"https:\/\/biokamino.com\/fr\/wp-json\/wp\/v2\/pages\/7450\/revisions"}],"predecessor-version":[{"id":7451,"href":"https:\/\/biokamino.com\/fr\/wp-json\/wp\/v2\/pages\/7450\/revisions\/7451"}],"wp:featuredmedia":[{"embeddable":true,"href":"https:\/\/biokamino.com\/fr\/wp-json\/wp\/v2\/media\/6133"}],"wp:attachment":[{"href":"https:\/\/biokamino.com\/fr\/wp-json\/wp\/v2\/media?parent=7450"}],"curies":[{"name":"wp","href":"https:\/\/api.w.org\/{rel}","templated":true}]}}