{"id":7434,"date":"2021-04-14T09:29:12","date_gmt":"2021-04-14T09:29:12","guid":{"rendered":"https:\/\/biokamino.com\/accessoires\/deflettore-salva-tv\/"},"modified":"2021-09-13T15:04:29","modified_gmt":"2021-09-13T13:04:29","slug":"deflecteur-de-protection-tv","status":"publish","type":"page","link":"https:\/\/biokamino.com\/fr\/accessoires\/deflecteur-de-protection-tv\/","title":{"rendered":"DEFLECTEUR DE PROTECTION TV"},"content":{"rendered":"<p><div class=\"fusion-fullwidth fullwidth-box fusion-builder-row-1 fusion-flex-container nonhundred-percent-fullwidth non-hundred-percent-height-scrolling\" style=\"--awb-border-radius-top-left:0px;--awb-border-radius-top-right:0px;--awb-border-radius-bottom-right:0px;--awb-border-radius-bottom-left:0px;--awb-flex-wrap:wrap;\" ><div class=\"fusion-builder-row fusion-row fusion-flex-align-items-stretch fusion-flex-justify-content-center fusion-flex-content-wrap\" style=\"max-width:1216.8px;margin-left: calc(-4% \/ 2 );margin-right: calc(-4% \/ 2 );\"><div class=\"fusion-layout-column fusion_builder_column fusion-builder-column-0 fusion_builder_column_2_3 2_3 fusion-flex-column fusion-flex-align-self-stretch\" style=\"--awb-bg-size:cover;--awb-width-large:66.666666666667%;--awb-margin-top-large:0px;--awb-spacing-right-large:2.88%;--awb-margin-bottom-large:20px;--awb-spacing-left-large:2.88%;--awb-width-medium:66.666666666667%;--awb-order-medium:0;--awb-spacing-right-medium:2.88%;--awb-spacing-left-medium:2.88%;--awb-width-small:100%;--awb-order-small:0;--awb-spacing-right-small:1.92%;--awb-spacing-left-small:1.92%;\"><div class=\"fusion-column-wrapper fusion-column-has-shadow fusion-flex-justify-content-flex-start fusion-content-layout-column\"><div class=\"fusion-title title fusion-title-1 fusion-sep-none fusion-title-text fusion-title-size-one\" style=\"--awb-text-color:#ff0000;--awb-margin-left:65px;--awb-margin-top-small:2%;--awb-margin-right-small:0px;--awb-margin-bottom-small:2%;--awb-margin-left-small:0px;--awb-font-size:30px;\"><h1 class=\"fusion-title-heading title-heading-left fusion-responsive-typography-calculated\" style=\"margin:0;font-size:1em;--fontSize:30;line-height:1;\">DEFLECTEUR DE PROTECTION TV<\/h1><\/div><div class=\"fusion-image-carousel fusion-image-carousel-auto fusion-image-carousel-1 lightbox-enabled\"><div class=\"awb-carousel awb-swiper awb-swiper-carousel awb-carousel--carousel awb-swiper-dots-position-bottom\" data-layout=\"carousel\" data-autoplay=\"yes\" data-autoplayspeed=\"2500\" data-autoplaypause=\"no\" data-columns=\"1\" data-columnsmedium=\"1\" data-columnssmall=\"1\" data-itemmargin=\"13\" data-itemwidth=\"180\" data-touchscroll=\"no\" data-freemode=\"no\" data-imagesize=\"auto\" data-scrollitems=\"0\" data-centeredslides=\"no\" data-rotationangle=\"50\" data-depth=\"100\" data-speed=\"500\" data-shadow=\"no\" data-pagination=\"bullets\" style=\"--awb-columns:1;\"><div class=\"swiper-wrapper awb-image-carousel-wrapper fusion-flex-align-items-center\"><div class=\"swiper-slide\"><div class=\"fusion-carousel-item-wrapper\"><div class=\"fusion-image-wrapper hover-type-none\"><a data-rel=\"iLightbox[image_carousel_1]\" data-title=\"BIOKAMINO ACCESSORI DEFLETTORE SALVA TV\" aria-label=\"BIOKAMINO ACCESSORI DEFLETTORE SALVA TV\" href=\"https:\/\/biokamino.com\/wp-content\/uploads\/2021\/04\/BIOKAMINO-ACCESSORI-DEFLETTORE-SALVA-TV.jpg\" target=\"_self\"><img decoding=\"async\" width=\"605\" height=\"454\" src=\"https:\/\/biokamino.com\/wp-content\/uploads\/2021\/04\/BIOKAMINO-ACCESSORI-DEFLETTORE-SALVA-TV.jpg\" class=\"attachment-full size-full\" alt=\"\" srcset=\"https:\/\/biokamino.com\/wp-content\/uploads\/2021\/04\/BIOKAMINO-ACCESSORI-DEFLETTORE-SALVA-TV-200x150.jpg 200w, https:\/\/biokamino.com\/wp-content\/uploads\/2021\/04\/BIOKAMINO-ACCESSORI-DEFLETTORE-SALVA-TV-300x225.jpg 300w, https:\/\/biokamino.com\/wp-content\/uploads\/2021\/04\/BIOKAMINO-ACCESSORI-DEFLETTORE-SALVA-TV-400x300.jpg 400w, https:\/\/biokamino.com\/wp-content\/uploads\/2021\/04\/BIOKAMINO-ACCESSORI-DEFLETTORE-SALVA-TV-500x375.jpg 500w, https:\/\/biokamino.com\/wp-content\/uploads\/2021\/04\/BIOKAMINO-ACCESSORI-DEFLETTORE-SALVA-TV-600x450.jpg 600w, https:\/\/biokamino.com\/wp-content\/uploads\/2021\/04\/BIOKAMINO-ACCESSORI-DEFLETTORE-SALVA-TV.jpg 605w\" sizes=\"(max-width: 605px) 100vw, 605px\" \/><\/a><\/div><\/div><\/div><\/div><div class=\"awb-swiper-button awb-swiper-button-prev\"><i class=\"awb-icon-angle-left\" aria-hidden=\"true\"><\/i><\/div><div class=\"awb-swiper-button awb-swiper-button-next\"><i class=\"awb-icon-angle-right\" aria-hidden=\"true\"><\/i><\/div><\/div><\/div><\/div><\/div><div class=\"fusion-layout-column fusion_builder_column fusion-builder-column-1 fusion_builder_column_1_3 1_3 fusion-flex-column fusion-flex-align-self-stretch\" style=\"--awb-bg-size:cover;--awb-width-large:33.333333333333%;--awb-margin-top-large:0px;--awb-spacing-right-large:5.76%;--awb-margin-bottom-large:20px;--awb-spacing-left-large:5.76%;--awb-width-medium:33.333333333333%;--awb-order-medium:0;--awb-spacing-right-medium:5.76%;--awb-spacing-left-medium:5.76%;--awb-width-small:100%;--awb-order-small:0;--awb-spacing-right-small:1.92%;--awb-spacing-left-small:1.92%;\"><div class=\"fusion-column-wrapper fusion-column-has-shadow fusion-flex-justify-content-flex-start fusion-content-layout-column\"><div class=\"fusion-title title fusion-title-2 sep-underline sep-solid fusion-title-text fusion-title-size-one\" style=\"--awb-margin-top-small:2%;--awb-margin-right-small:0px;--awb-margin-bottom-small:2%;--awb-margin-left-small:0px;\"><h1 class=\"fusion-title-heading title-heading-left fusion-responsive-typography-calculated\" style=\"margin:0;--fontSize:40;line-height:1.5;\"><h4>Description<\/h4><\/h1><\/div><div class=\"fusion-text fusion-text-1\"><p>Le tout nouveau <strong>DEFLECTEUR DE PROTECTION TV<\/strong>, r\u00e9tractable, a \u00e9t\u00e9 con\u00e7u et r\u00e9alis\u00e9 pour <strong>prot\u00e9ger<\/strong> votre t\u00e9l\u00e9vision contre la chaleur d\u00e9velopp\u00e9e par les bio-chemn\u00e9es encastrables lorsqu\u2019il est install\u00e9 sous le t\u00e9l\u00e9viseur.<\/p>\n<p>Si la bio-chemin\u00e9e est \u00e9teinte, vous pouvez faire dispara\u00eetre le d\u00e9flecteur \u00e0 l&#8217;int\u00e9rieur du mur et vous pouvez le reprendre qu&#8217;en cas de besoin: lors de l\u2019allumage de la chemin\u00e9e et pendant la dur\u00e9e de la combustion.<\/p>\n<p>Pour mieux comprendre pourquoi il est si important d\u2019installer un d\u00e9flecteur, lisez cet article d\u00e9taill\u00e9 <a href=\"https:\/\/biokamino.com\/deflettore-salva-tv-perche-cosi-importante\/\">Cliquez ici<\/a><\/p>\n<\/div><div ><a class=\"fusion-button button-flat fusion-button-default-size button-default fusion-button-default button-1 fusion-button-span-yes fusion-button-default-type\" style=\"--button_text_transform:uppercase;\" target=\"_blank\" rel=\"noopener noreferrer\" href=\"#form\"><span class=\"fusion-button-text awb-button__text awb-button__text--default\">DEMANDEZ DES INFORMATIONS<\/span><\/a><\/div>\n<\/div><\/div><\/div><\/div><div class=\"fusion-fullwidth fullwidth-box fusion-builder-row-2 fusion-flex-container nonhundred-percent-fullwidth non-hundred-percent-height-scrolling\" style=\"--awb-border-radius-top-left:0px;--awb-border-radius-top-right:0px;--awb-border-radius-bottom-right:0px;--awb-border-radius-bottom-left:0px;--awb-flex-wrap:wrap;\" ><div class=\"fusion-builder-row fusion-row fusion-flex-align-items-flex-start fusion-flex-content-wrap\" style=\"max-width:1216.8px;margin-left: calc(-4% \/ 2 );margin-right: calc(-4% \/ 2 );\"><div class=\"fusion-layout-column fusion_builder_column fusion-builder-column-2 fusion_builder_column_1_1 1_1 fusion-flex-column\" style=\"--awb-bg-size:cover;--awb-width-large:100%;--awb-margin-top-large:0px;--awb-spacing-right-large:1.92%;--awb-margin-bottom-large:20px;--awb-spacing-left-large:1.92%;--awb-width-medium:100%;--awb-order-medium:0;--awb-spacing-right-medium:1.92%;--awb-spacing-left-medium:1.92%;--awb-width-small:100%;--awb-order-small:0;--awb-spacing-right-small:1.92%;--awb-spacing-left-small:1.92%;\"><div class=\"fusion-column-wrapper fusion-column-has-shadow fusion-flex-justify-content-flex-start fusion-content-layout-column\"><div class=\"fusion-title title fusion-title-3 sep-underline sep-solid fusion-title-text fusion-title-size-one\" style=\"--awb-margin-top-small:2%;--awb-margin-right-small:0px;--awb-margin-bottom-small:2%;--awb-margin-left-small:0px;\"><h1 class=\"fusion-title-heading title-heading-left fusion-responsive-typography-calculated\" style=\"margin:0;--fontSize:40;line-height:1.5;\"><h4>Video<\/h4><\/h1><\/div><\/div><\/div><div class=\"fusion-layout-column fusion_builder_column fusion-builder-column-3 fusion_builder_column_1_3 1_3 fusion-flex-column\" style=\"--awb-bg-size:cover;--awb-width-large:33.333333333333%;--awb-margin-top-large:0px;--awb-spacing-right-large:5.76%;--awb-margin-bottom-large:20px;--awb-spacing-left-large:5.76%;--awb-width-medium:33.333333333333%;--awb-order-medium:0;--awb-spacing-right-medium:5.76%;--awb-spacing-left-medium:5.76%;--awb-width-small:100%;--awb-order-small:0;--awb-spacing-right-small:1.92%;--awb-spacing-left-small:1.92%;\"><div class=\"fusion-column-wrapper fusion-column-has-shadow fusion-flex-justify-content-flex-start fusion-content-layout-column\"><div class=\"fusion-video fusion-youtube\" style=\"--awb-max-width:600px;--awb-max-height:360px;\"><div class=\"video-shortcode\"><lite-youtube videoid=\"_ILttXvy8xk\" class=\"landscape\" params=\"wmode=transparent&autoplay=1&amp;enablejsapi=1\" title=\"YouTube video player 1\" data-button-label=\"Play Video\" width=\"600\" height=\"360\" data-thumbnail-size=\"auto\" data-no-cookie=\"on\"><\/lite-youtube><\/div><\/div><\/div><\/div><div class=\"fusion-layout-column fusion_builder_column fusion-builder-column-4 fusion_builder_column_1_3 1_3 fusion-flex-column\" style=\"--awb-bg-size:cover;--awb-width-large:33.333333333333%;--awb-margin-top-large:0px;--awb-spacing-right-large:5.76%;--awb-margin-bottom-large:20px;--awb-spacing-left-large:5.76%;--awb-width-medium:33.333333333333%;--awb-order-medium:0;--awb-spacing-right-medium:5.76%;--awb-spacing-left-medium:5.76%;--awb-width-small:100%;--awb-order-small:0;--awb-spacing-right-small:1.92%;--awb-spacing-left-small:1.92%;\"><div class=\"fusion-column-wrapper fusion-column-has-shadow fusion-flex-justify-content-flex-start fusion-content-layout-column\"><div class=\"fusion-video fusion-youtube\" style=\"--awb-max-width:600px;--awb-max-height:360px;\"><div class=\"video-shortcode\"><lite-youtube videoid=\"3hII3RkkhNU\" class=\"landscape\" params=\"wmode=transparent&autoplay=1&amp;enablejsapi=1\" title=\"YouTube video player 2\" data-button-label=\"Play Video\" width=\"600\" height=\"360\" data-thumbnail-size=\"auto\" data-no-cookie=\"on\"><\/lite-youtube><\/div><\/div><\/div><\/div><\/div><\/div><\/p>\n","protected":false},"excerpt":{"rendered":"","protected":false},"author":1,"featured_media":7149,"parent":7421,"menu_order":0,"comment_status":"closed","ping_status":"closed","template":"","meta":{"footnotes":""},"class_list":["post-7434","page","type-page","status-publish","has-post-thumbnail","hentry"],"_links":{"self":[{"href":"https:\/\/biokamino.com\/fr\/wp-json\/wp\/v2\/pages\/7434","targetHints":{"allow":["GET"]}}],"collection":[{"href":"https:\/\/biokamino.com\/fr\/wp-json\/wp\/v2\/pages"}],"about":[{"href":"https:\/\/biokamino.com\/fr\/wp-json\/wp\/v2\/types\/page"}],"author":[{"embeddable":true,"href":"https:\/\/biokamino.com\/fr\/wp-json\/wp\/v2\/users\/1"}],"replies":[{"embeddable":true,"href":"https:\/\/biokamino.com\/fr\/wp-json\/wp\/v2\/comments?post=7434"}],"version-history":[{"count":2,"href":"https:\/\/biokamino.com\/fr\/wp-json\/wp\/v2\/pages\/7434\/revisions"}],"predecessor-version":[{"id":7436,"href":"https:\/\/biokamino.com\/fr\/wp-json\/wp\/v2\/pages\/7434\/revisions\/7436"}],"up":[{"embeddable":true,"href":"https:\/\/biokamino.com\/fr\/wp-json\/wp\/v2\/pages\/7421"}],"wp:featuredmedia":[{"embeddable":true,"href":"https:\/\/biokamino.com\/fr\/wp-json\/wp\/v2\/media\/7149"}],"wp:attachment":[{"href":"https:\/\/biokamino.com\/fr\/wp-json\/wp\/v2\/media?parent=7434"}],"curies":[{"name":"wp","href":"https:\/\/api.w.org\/{rel}","templated":true}]}}