{"id":11984,"date":"2022-05-20T09:37:07","date_gmt":"2022-05-20T07:37:07","guid":{"rendered":"https:\/\/biokamino.com\/accessoires\/tavolino-olympus\/"},"modified":"2022-07-04T12:54:18","modified_gmt":"2022-07-04T10:54:18","slug":"petite-table-olympus","status":"publish","type":"page","link":"https:\/\/biokamino.com\/fr\/accessoires\/petite-table-olympus\/","title":{"rendered":"Petite table Olympus"},"content":{"rendered":"<p><div class=\"fusion-fullwidth fullwidth-box fusion-builder-row-1 fusion-flex-container nonhundred-percent-fullwidth non-hundred-percent-height-scrolling\" style=\"--awb-border-radius-top-left:0px;--awb-border-radius-top-right:0px;--awb-border-radius-bottom-right:0px;--awb-border-radius-bottom-left:0px;--awb-flex-wrap:wrap;\" ><div class=\"fusion-builder-row fusion-row fusion-flex-align-items-stretch fusion-flex-content-wrap\" style=\"max-width:1216.8px;margin-left: calc(-4% \/ 2 );margin-right: calc(-4% \/ 2 );\"><div class=\"fusion-layout-column fusion_builder_column fusion-builder-column-0 fusion_builder_column_2_3 2_3 fusion-flex-column\" style=\"--awb-bg-size:cover;--awb-width-large:66.666666666667%;--awb-margin-top-large:0px;--awb-spacing-right-large:2.88%;--awb-margin-bottom-large:20px;--awb-spacing-left-large:2.88%;--awb-width-medium:66.666666666667%;--awb-order-medium:0;--awb-spacing-right-medium:2.88%;--awb-spacing-left-medium:2.88%;--awb-width-small:100%;--awb-order-small:0;--awb-spacing-right-small:1.92%;--awb-spacing-left-small:1.92%;\"><div class=\"fusion-column-wrapper fusion-column-has-shadow fusion-flex-justify-content-flex-start fusion-content-layout-column\"><div class=\"fusion-title title fusion-title-1 fusion-sep-none fusion-title-text fusion-title-size-one\" style=\"--awb-text-color:#ff0000;--awb-margin-left:65px;--awb-margin-top-small:2%;--awb-margin-right-small:0px;--awb-margin-bottom-small:2%;--awb-margin-left-small:0px;--awb-font-size:30px;\"><h1 class=\"fusion-title-heading title-heading-left fusion-responsive-typography-calculated\" style=\"margin:0;font-size:1em;--fontSize:30;line-height:1;\">Petite table Olympus<\/h1><\/div><div class=\"fusion-image-carousel fusion-image-carousel-auto fusion-image-carousel-1 lightbox-enabled\"><div class=\"awb-carousel awb-swiper awb-swiper-carousel awb-carousel--carousel awb-swiper-dots-position-bottom\" data-layout=\"carousel\" data-autoplay=\"yes\" data-autoplayspeed=\"2500\" data-autoplaypause=\"no\" data-columns=\"1\" data-columnsmedium=\"1\" data-columnssmall=\"1\" data-itemmargin=\"13\" data-itemwidth=\"180\" data-touchscroll=\"no\" data-freemode=\"no\" data-imagesize=\"auto\" data-scrollitems=\"0\" data-centeredslides=\"no\" data-rotationangle=\"50\" data-depth=\"100\" data-speed=\"500\" data-shadow=\"no\" data-pagination=\"bullets\" style=\"--awb-columns:1;\"><div class=\"swiper-wrapper awb-image-carousel-wrapper fusion-flex-align-items-center\"><div class=\"swiper-slide\"><div class=\"fusion-carousel-item-wrapper\"><div class=\"fusion-image-wrapper hover-type-none\"><a data-rel=\"iLightbox[image_carousel_1]\" data-title=\"BIOKAMINO-ACCESSORI-TAVOLINO-OLYMPUS\" aria-label=\"BIOKAMINO-ACCESSORI-TAVOLINO-OLYMPUS\" href=\"https:\/\/biokamino.com\/wp-content\/uploads\/BIOKAMINO-ACCESSORI-TAVOLINO-OLYMPUS-1.jpg\" target=\"_self\"><img decoding=\"async\" width=\"650\" height=\"650\" src=\"https:\/\/biokamino.com\/wp-content\/uploads\/BIOKAMINO-ACCESSORI-TAVOLINO-OLYMPUS-1.jpg\" class=\"attachment-full size-full\" alt=\"\" srcset=\"https:\/\/biokamino.com\/wp-content\/uploads\/BIOKAMINO-ACCESSORI-TAVOLINO-OLYMPUS-1-66x66.jpg 66w, https:\/\/biokamino.com\/wp-content\/uploads\/BIOKAMINO-ACCESSORI-TAVOLINO-OLYMPUS-1-150x150.jpg 150w, https:\/\/biokamino.com\/wp-content\/uploads\/BIOKAMINO-ACCESSORI-TAVOLINO-OLYMPUS-1-200x200.jpg 200w, https:\/\/biokamino.com\/wp-content\/uploads\/BIOKAMINO-ACCESSORI-TAVOLINO-OLYMPUS-1-300x300.jpg 300w, https:\/\/biokamino.com\/wp-content\/uploads\/BIOKAMINO-ACCESSORI-TAVOLINO-OLYMPUS-1-400x400.jpg 400w, https:\/\/biokamino.com\/wp-content\/uploads\/BIOKAMINO-ACCESSORI-TAVOLINO-OLYMPUS-1-500x500.jpg 500w, https:\/\/biokamino.com\/wp-content\/uploads\/BIOKAMINO-ACCESSORI-TAVOLINO-OLYMPUS-1-600x600.jpg 600w, https:\/\/biokamino.com\/wp-content\/uploads\/BIOKAMINO-ACCESSORI-TAVOLINO-OLYMPUS-1.jpg 650w\" sizes=\"(max-width: 650px) 100vw, 650px\" \/><\/a><\/div><\/div><\/div><div class=\"swiper-slide\"><div class=\"fusion-carousel-item-wrapper\"><div class=\"fusion-image-wrapper hover-type-none\"><a data-rel=\"iLightbox[image_carousel_1]\" data-title=\"BIOKAMINO-ACCESSORI-TAVOLINO-OLYMPUS-45\" aria-label=\"BIOKAMINO-ACCESSORI-TAVOLINO-OLYMPUS-45\" href=\"https:\/\/biokamino.com\/wp-content\/uploads\/BIOKAMINO-ACCESSORI-TAVOLINO-OLYMPUS-45.jpg\" target=\"_self\"><img decoding=\"async\" width=\"650\" height=\"650\" src=\"https:\/\/biokamino.com\/wp-content\/uploads\/BIOKAMINO-ACCESSORI-TAVOLINO-OLYMPUS-45.jpg\" class=\"attachment-full size-full\" alt=\"\" srcset=\"https:\/\/biokamino.com\/wp-content\/uploads\/BIOKAMINO-ACCESSORI-TAVOLINO-OLYMPUS-45-66x66.jpg 66w, https:\/\/biokamino.com\/wp-content\/uploads\/BIOKAMINO-ACCESSORI-TAVOLINO-OLYMPUS-45-150x150.jpg 150w, https:\/\/biokamino.com\/wp-content\/uploads\/BIOKAMINO-ACCESSORI-TAVOLINO-OLYMPUS-45-200x200.jpg 200w, https:\/\/biokamino.com\/wp-content\/uploads\/BIOKAMINO-ACCESSORI-TAVOLINO-OLYMPUS-45-300x300.jpg 300w, https:\/\/biokamino.com\/wp-content\/uploads\/BIOKAMINO-ACCESSORI-TAVOLINO-OLYMPUS-45-400x400.jpg 400w, https:\/\/biokamino.com\/wp-content\/uploads\/BIOKAMINO-ACCESSORI-TAVOLINO-OLYMPUS-45-500x500.jpg 500w, https:\/\/biokamino.com\/wp-content\/uploads\/BIOKAMINO-ACCESSORI-TAVOLINO-OLYMPUS-45-600x600.jpg 600w, https:\/\/biokamino.com\/wp-content\/uploads\/BIOKAMINO-ACCESSORI-TAVOLINO-OLYMPUS-45.jpg 650w\" sizes=\"(max-width: 650px) 100vw, 650px\" \/><\/a><\/div><\/div><\/div><\/div><div class=\"awb-swiper-button awb-swiper-button-prev\"><i class=\"awb-icon-angle-left\" aria-hidden=\"true\"><\/i><\/div><div class=\"awb-swiper-button awb-swiper-button-next\"><i class=\"awb-icon-angle-right\" aria-hidden=\"true\"><\/i><\/div><\/div><\/div><\/div><\/div><div class=\"fusion-layout-column fusion_builder_column fusion-builder-column-1 fusion_builder_column_1_3 1_3 fusion-flex-column fusion-flex-align-self-stretch\" style=\"--awb-bg-size:cover;--awb-width-large:33.333333333333%;--awb-margin-top-large:0px;--awb-spacing-right-large:5.76%;--awb-margin-bottom-large:20px;--awb-spacing-left-large:5.76%;--awb-width-medium:33.333333333333%;--awb-order-medium:0;--awb-spacing-right-medium:5.76%;--awb-spacing-left-medium:5.76%;--awb-width-small:100%;--awb-order-small:0;--awb-spacing-right-small:1.92%;--awb-spacing-left-small:1.92%;\"><div class=\"fusion-column-wrapper fusion-column-has-shadow fusion-flex-justify-content-flex-start fusion-content-layout-column\"><div class=\"fusion-title title fusion-title-2 sep-underline sep-solid fusion-title-text fusion-title-size-one\" style=\"--awb-margin-top-small:2%;--awb-margin-right-small:0px;--awb-margin-bottom-small:2%;--awb-margin-left-small:0px;\"><h1 class=\"fusion-title-heading title-heading-left fusion-responsive-typography-calculated\" style=\"margin:0;--fontSize:40;line-height:1.5;\"><h4>Description<\/h4><\/h1><\/div><div class=\"fusion-text fusion-text-1\"><p>La table d&#8217;appoint Olympus est une plaque peinte avec des aimants qui se fixe \u00e0 la base du verre et constitue un petit support pour les bibelots et les objets d\u00e9coratifs, elle peut \u00e9galement \u00eatre utilis\u00e9e comme table d&#8217;ap\u00e9ritif et plus encore, laissez libre cours \u00e0 votre imagination!<br \/>\nParfait pour <a href=\"https:\/\/biokamino.com\/fr\/biocamino\/olympus-45\/\">l&#8217;Olympus 45<\/a> et <a href=\"https:\/\/biokamino.com\/fr\/biocamino\/olympus-90\/\">l&#8217;Olympus 90.<\/a><\/p>\n<\/div><div ><a class=\"fusion-button button-flat fusion-button-default-size button-default fusion-button-default button-1 fusion-button-span-yes fusion-button-default-type\" style=\"--button_text_transform:uppercase;\" target=\"_blank\" rel=\"noopener noreferrer\" href=\"#form\"><span class=\"fusion-button-text awb-button__text awb-button__text--default\">DEMANDEZ DES INFORMATIONS<\/span><\/a><\/div>\n<\/div><\/div><\/div><\/div><div class=\"fusion-fullwidth fullwidth-box fusion-builder-row-2 fusion-flex-container nonhundred-percent-fullwidth non-hundred-percent-height-scrolling\" style=\"--awb-border-radius-top-left:0px;--awb-border-radius-top-right:0px;--awb-border-radius-bottom-right:0px;--awb-border-radius-bottom-left:0px;--awb-flex-wrap:wrap;\" ><div class=\"fusion-builder-row fusion-row fusion-flex-align-items-flex-start fusion-flex-content-wrap\" style=\"max-width:1216.8px;margin-left: calc(-4% \/ 2 );margin-right: calc(-4% \/ 2 );\"><div class=\"fusion-layout-column fusion_builder_column fusion-builder-column-2 fusion_builder_column_1_1 1_1 fusion-flex-column fusion-flex-align-self-center fusion-no-small-visibility\" style=\"--awb-bg-size:cover;--awb-width-large:100%;--awb-margin-top-large:0px;--awb-spacing-right-large:1.92%;--awb-margin-bottom-large:20px;--awb-spacing-left-large:1.92%;--awb-width-medium:100%;--awb-order-medium:0;--awb-spacing-right-medium:1.92%;--awb-spacing-left-medium:1.92%;--awb-width-small:100%;--awb-order-small:0;--awb-spacing-right-small:1.92%;--awb-spacing-left-small:1.92%;\"><div class=\"fusion-column-wrapper fusion-column-has-shadow fusion-flex-justify-content-center fusion-content-layout-column\"><div class=\"fusion-separator fusion-full-width-sep\" style=\"align-self: center;margin-left: auto;margin-right: auto;margin-top:2%;margin-bottom:2%;width:100%;\"><\/div><div class=\"fusion-menu-anchor\" id=\"form\"><\/div><iframe src=\"https:\/\/crm.biokamino.eu:8080\/ModuloBiokamino.aspx\" height=\"800\"><\/iframe><\/div><\/div><div class=\"fusion-layout-column fusion_builder_column fusion-builder-column-3 fusion_builder_column_1_1 1_1 fusion-flex-column fusion-flex-align-self-center fusion-no-medium-visibility fusion-no-large-visibility\" style=\"--awb-bg-size:cover;--awb-width-large:100%;--awb-margin-top-large:0px;--awb-spacing-right-large:1.92%;--awb-margin-bottom-large:20px;--awb-spacing-left-large:1.92%;--awb-width-medium:100%;--awb-order-medium:0;--awb-spacing-right-medium:1.92%;--awb-spacing-left-medium:1.92%;--awb-width-small:100%;--awb-order-small:0;--awb-spacing-right-small:1.92%;--awb-spacing-left-small:1.92%;\"><div class=\"fusion-column-wrapper fusion-column-has-shadow fusion-flex-justify-content-center fusion-content-layout-column\"><div class=\"fusion-separator fusion-full-width-sep\" style=\"align-self: center;margin-left: auto;margin-right: auto;margin-top:2%;margin-bottom:2%;width:100%;\"><\/div><iframe src=\"https:\/\/crm.biokamino.eu:8080\/ModuloBiokamino.aspx\" height=\"1500\"><\/iframe><\/div><\/div><\/div><\/div>\n<\/p>\n","protected":false},"excerpt":{"rendered":"","protected":false},"author":1,"featured_media":11445,"parent":7421,"menu_order":0,"comment_status":"closed","ping_status":"closed","template":"","meta":{"footnotes":""},"class_list":["post-11984","page","type-page","status-publish","has-post-thumbnail","hentry"],"_links":{"self":[{"href":"https:\/\/biokamino.com\/fr\/wp-json\/wp\/v2\/pages\/11984","targetHints":{"allow":["GET"]}}],"collection":[{"href":"https:\/\/biokamino.com\/fr\/wp-json\/wp\/v2\/pages"}],"about":[{"href":"https:\/\/biokamino.com\/fr\/wp-json\/wp\/v2\/types\/page"}],"author":[{"embeddable":true,"href":"https:\/\/biokamino.com\/fr\/wp-json\/wp\/v2\/users\/1"}],"replies":[{"embeddable":true,"href":"https:\/\/biokamino.com\/fr\/wp-json\/wp\/v2\/comments?post=11984"}],"version-history":[{"count":3,"href":"https:\/\/biokamino.com\/fr\/wp-json\/wp\/v2\/pages\/11984\/revisions"}],"predecessor-version":[{"id":11998,"href":"https:\/\/biokamino.com\/fr\/wp-json\/wp\/v2\/pages\/11984\/revisions\/11998"}],"up":[{"embeddable":true,"href":"https:\/\/biokamino.com\/fr\/wp-json\/wp\/v2\/pages\/7421"}],"wp:featuredmedia":[{"embeddable":true,"href":"https:\/\/biokamino.com\/fr\/wp-json\/wp\/v2\/media\/11445"}],"wp:attachment":[{"href":"https:\/\/biokamino.com\/fr\/wp-json\/wp\/v2\/media?parent=11984"}],"curies":[{"name":"wp","href":"https:\/\/api.w.org\/{rel}","templated":true}]}}