{"id":9848,"date":"2018-06-19T10:50:34","date_gmt":"2018-06-19T10:50:34","guid":{"rendered":"https:\/\/biokamino.com\/biocamini\/"},"modified":"2022-01-18T14:54:43","modified_gmt":"2022-01-18T13:54:43","slug":"biochimeneas","status":"publish","type":"page","link":"https:\/\/biokamino.com\/es\/biochimeneas\/","title":{"rendered":"Biochimeneas"},"content":{"rendered":"<div class=\"fusion-fullwidth fullwidth-box fusion-builder-row-1 fusion-flex-container nonhundred-percent-fullwidth non-hundred-percent-height-scrolling\" style=\"--awb-border-radius-top-left:0px;--awb-border-radius-top-right:0px;--awb-border-radius-bottom-right:0px;--awb-border-radius-bottom-left:0px;--awb-flex-wrap:wrap;\" ><div class=\"fusion-builder-row fusion-row fusion-flex-align-items-stretch fusion-flex-content-wrap\" style=\"max-width:1216.8px;margin-left: calc(-4% \/ 2 );margin-right: calc(-4% \/ 2 );\"><div class=\"fusion-layout-column fusion_builder_column fusion-builder-column-0 fusion_builder_column_1_1 1_1 fusion-flex-column\" style=\"--awb-bg-size:cover;--awb-width-large:100%;--awb-margin-top-large:0px;--awb-spacing-right-large:1.92%;--awb-margin-bottom-large:20px;--awb-spacing-left-large:1.92%;--awb-width-medium:100%;--awb-spacing-right-medium:1.92%;--awb-spacing-left-medium:1.92%;--awb-width-small:100%;--awb-spacing-right-small:1.92%;--awb-spacing-left-small:1.92%;\"><div class=\"fusion-column-wrapper fusion-flex-justify-content-center fusion-content-layout-column\"><div class=\"fusion-title title fusion-title-1 sep-underline sep-solid fusion-title-text fusion-title-size-one\" style=\"--awb-margin-top-small:2%;--awb-margin-right-small:0px;--awb-margin-bottom-small:2%;--awb-margin-left-small:0px;\"><h1 class=\"fusion-title-heading title-heading-left fusion-responsive-typography-calculated\" style=\"margin:0;--fontSize:40;line-height:1.5;\"><h2>Biochimeneas<\/h2><\/h1><\/div><div class=\"fusion-text fusion-text-1\" style=\"--awb-text-transform:none;\"><p style=\"text-align: center;\">Las <strong>biochimeneas<\/strong> se adaptan a cualquier habitaci\u00f3n de la casa, a lugares destinados al p\u00fablico como hoteles y restaurantes, as\u00ed como a espacios para al bienestar y la relajaci\u00f3n, tanto en interiores como en exteriores. Las <strong>chimeneas de bioetanol<\/strong> son una nueva tendencia en las opciones de dise\u00f1o de interiores y combinan funcionalidad con efecto decorativo y versatilidad.<\/p>\n<\/div><div class=\"fusion-flip-boxes flip-boxes row fusion-columns-4 flip-effect-classic equal-heights\"><div class=\"fusion-flip-box-wrapper fusion-column col-lg-3 col-md-3 col-sm-3\"><div class=\"fusion-flip-box flip-right\" tabindex=\"0\"><div class=\"flip-box-inner-wrapper\"><div class=\"flip-box-front\" style=\"--awb-border-radius:10px;--awb-background-color-front:#ffffff;\"><div class=\"flip-box-front-inner\"><div class=\"flip-box-grafix flip-box-image\"><img decoding=\"async\" src=\"https:\/\/biokamino.com\/wp-content\/uploads\/2021\/04\/BIOKAMINO-BIOCAMINI-INCASSO-CATEGORIA.jpg\" width=\"200\" height=\"266.67\" alt=\"\" \/><\/div>EMPOTRABLE <\/div><\/div><div class=\"flip-box-back\" style=\"--awb-border-radius:10px;--awb-background-color-back:#ffffff;\"><div class=\"flip-box-back-inner\">\n<h4 style=\"text-align: center;\"><a href=\"https:\/\/biokamino.com\/biocamini\/incasso\/\"><span style=\"color: #000000;\">EMPOTRABLE <\/span><\/a><\/h4>\n<p style=\"text-align: center;\"><a href=\"https:\/\/biokamino.com\/biocamini\/incasso\/\"><span style=\"color: #000000;\">Las mejores soluciones empotrables para satisfacer cualquier necesidad. Medidas personalizables. <\/span><\/a><\/p>\n<\/div><\/div><\/div><\/div><\/div><div class=\"fusion-flip-box-wrapper fusion-column col-lg-3 col-md-3 col-sm-3\"><div class=\"fusion-flip-box flip-right\" tabindex=\"0\"><div class=\"flip-box-inner-wrapper\"><div class=\"flip-box-front\" style=\"--awb-border-radius:10px;--awb-background-color-front:#ffffff;\"><div class=\"flip-box-front-inner\"><div class=\"flip-box-grafix flip-box-image\"><img decoding=\"async\" src=\"https:\/\/biokamino.com\/wp-content\/uploads\/2021\/04\/BIOKAMINO-BIOCAMINI-PARETE-CATEGORIA.jpg\" width=\"200\" height=\"266.67\" alt=\"\" \/><\/div>DE PARED <\/div><\/div><div class=\"flip-box-back\" style=\"--awb-border-radius:10px;--awb-background-color-back:#ffffff;\"><div class=\"flip-box-back-inner\">\n<h4 style=\"text-align: center;\"><a href=\"https:\/\/biokamino.com\/biocamini\/parete\/\"><span style=\"color: #000000;\">DE PARED <\/span><\/a><\/h4>\n<p style=\"text-align: center;\"><a href=\"https:\/\/biokamino.com\/biocamini\/parete\/\"><span style=\"color: #000000;\">Una l\u00ednea moderna de biochimeneas de pared, que fusionan la armon\u00eda decorativa de un marco con la c\u00e1lida atm\u00f3sfera del fuego. <\/span><\/a><\/p>\n<\/div><\/div><\/div><\/div><\/div><div class=\"fusion-flip-box-wrapper fusion-column col-lg-3 col-md-3 col-sm-3\"><div class=\"fusion-flip-box flip-right\" tabindex=\"0\"><div class=\"flip-box-inner-wrapper\"><div class=\"flip-box-front\" style=\"--awb-border-radius:10px;--awb-background-color-front:#ffffff;\"><div class=\"flip-box-front-inner\"><div class=\"flip-box-grafix flip-box-image\"><img decoding=\"async\" src=\"https:\/\/biokamino.com\/wp-content\/uploads\/2021\/04\/BIOKAMINO-BIOCAMINI-PAVIMENTO-CATEGORIA.jpg\" width=\"200\" height=\"266.67\" alt=\"\" \/><\/div>PISO <\/div><\/div><div class=\"flip-box-back\" style=\"--awb-border-radius:10px;--awb-background-color-back:#ffffff;\"><div class=\"flip-box-back-inner\">\n<h4 style=\"text-align: center;\"><a href=\"https:\/\/biokamino.com\/biocamini\/pavimento\/\"><span style=\"color: #000000;\">PISO <\/span><\/a><\/h4>\n<p style=\"text-align: center;\"><a href=\"https:\/\/biokamino.com\/biocamini\/pavimento\/\"><span style=\"color: #000000;\">Distintivas y de efecto, las biochimeneas de piso captan la atenci\u00f3n gracias al dise\u00f1o sofisticado declinado tanto en clave moderna como cl\u00e1sica. <\/span><\/a><\/p>\n<\/div><\/div><\/div><\/div><\/div><div class=\"fusion-flip-box-wrapper fusion-column col-lg-3 col-md-3 col-sm-3\"><div class=\"fusion-flip-box flip-right\" tabindex=\"0\"><div class=\"flip-box-inner-wrapper\"><div class=\"flip-box-front\" style=\"--awb-border-radius:10px;--awb-background-color-front:#ffffff;\"><div class=\"flip-box-front-inner\"><div class=\"flip-box-grafix flip-box-image\"><img decoding=\"async\" src=\"https:\/\/biokamino.com\/wp-content\/uploads\/2021\/04\/BIOKAMINO-BIOCAMINI-SU-MISURA-CATEGORIA-MENU.jpg\" width=\"200\" height=\"266.67\" alt=\"\" \/><\/div>PERSONALIZADAS <\/div><\/div><div class=\"flip-box-back\" style=\"--awb-border-radius:10px;--awb-background-color-back:#ffffff;\"><div class=\"flip-box-back-inner\">\n<h4 style=\"text-align: center;\"><a href=\"https:\/\/biokamino.com\/biocamini\/su-misura\/\"><span style=\"color: #000000;\">PERSONALIZADAS <\/span><\/a><\/h4>\n<p style=\"text-align: center;\"><a href=\"https:\/\/biokamino.com\/biocamini\/su-misura\/\"><span style=\"color: #000000;\">Para una biochimenea especial inventada y construida sobre la base del <strong>gusto personal<\/strong> y del mobiliario, para un ambiente exclusivo que cuenta el estilo de quienes viven all\u00ed. <\/span><\/a><\/p>\n<\/div><\/div><\/div><\/div><\/div><\/div><div class=\"fusion-text fusion-text-2\" style=\"--awb-text-transform:none;\"><p style=\"text-align: center;\">Un <strong>bioKamino<\/strong> amuebla y crea ambientes encantadores en todas partes: es una <strong>chimenea decorativa<\/strong> que utiliza combustible obtenido de plantas y con su llama real puede ayudar a calentar la habitaci\u00f3n en la que se encuentra. No requiere humeros y se puede apagar en unos minutos.<\/p>\n<\/div><\/div><\/div><\/div><\/div>\n","protected":false},"excerpt":{"rendered":"","protected":false},"author":1,"featured_media":9782,"parent":0,"menu_order":0,"comment_status":"closed","ping_status":"closed","template":"100-width.php","meta":{"footnotes":""},"class_list":["post-9848","page","type-page","status-publish","has-post-thumbnail","hentry"],"_links":{"self":[{"href":"https:\/\/biokamino.com\/es\/wp-json\/wp\/v2\/pages\/9848","targetHints":{"allow":["GET"]}}],"collection":[{"href":"https:\/\/biokamino.com\/es\/wp-json\/wp\/v2\/pages"}],"about":[{"href":"https:\/\/biokamino.com\/es\/wp-json\/wp\/v2\/types\/page"}],"author":[{"embeddable":true,"href":"https:\/\/biokamino.com\/es\/wp-json\/wp\/v2\/users\/1"}],"replies":[{"embeddable":true,"href":"https:\/\/biokamino.com\/es\/wp-json\/wp\/v2\/comments?post=9848"}],"version-history":[{"count":3,"href":"https:\/\/biokamino.com\/es\/wp-json\/wp\/v2\/pages\/9848\/revisions"}],"predecessor-version":[{"id":9852,"href":"https:\/\/biokamino.com\/es\/wp-json\/wp\/v2\/pages\/9848\/revisions\/9852"}],"wp:featuredmedia":[{"embeddable":true,"href":"https:\/\/biokamino.com\/es\/wp-json\/wp\/v2\/media\/9782"}],"wp:attachment":[{"href":"https:\/\/biokamino.com\/es\/wp-json\/wp\/v2\/media?parent=9848"}],"curies":[{"name":"wp","href":"https:\/\/api.w.org\/{rel}","templated":true}]}}