{"id":4847,"date":"2021-04-14T10:05:30","date_gmt":"2021-04-14T10:05:30","guid":{"rendered":"https:\/\/biokamino.com\/zubehoer\/supporto-ceppi\/"},"modified":"2021-10-08T14:35:21","modified_gmt":"2021-10-08T12:35:21","slug":"halterung-fuer-keramikscheite","status":"publish","type":"page","link":"https:\/\/biokamino.com\/de\/zubehoer\/halterung-fuer-keramikscheite\/","title":{"rendered":"HALTERUNG FUER KERAMIKSCHEITE"},"content":{"rendered":"<div class=\"fusion-fullwidth fullwidth-box fusion-builder-row-1 fusion-flex-container nonhundred-percent-fullwidth non-hundred-percent-height-scrolling\" style=\"--awb-border-radius-top-left:0px;--awb-border-radius-top-right:0px;--awb-border-radius-bottom-right:0px;--awb-border-radius-bottom-left:0px;--awb-flex-wrap:wrap;\" ><div class=\"fusion-builder-row fusion-row fusion-flex-align-items-stretch fusion-flex-justify-content-center fusion-flex-content-wrap\" style=\"max-width:1216.8px;margin-left: calc(-4% \/ 2 );margin-right: calc(-4% \/ 2 );\"><div class=\"fusion-layout-column fusion_builder_column fusion-builder-column-0 fusion_builder_column_2_3 2_3 fusion-flex-column fusion-flex-align-self-stretch\" style=\"--awb-bg-size:cover;--awb-width-large:66.666666666667%;--awb-margin-top-large:0px;--awb-spacing-right-large:2.88%;--awb-margin-bottom-large:20px;--awb-spacing-left-large:2.88%;--awb-width-medium:66.666666666667%;--awb-order-medium:0;--awb-spacing-right-medium:2.88%;--awb-spacing-left-medium:2.88%;--awb-width-small:100%;--awb-order-small:0;--awb-spacing-right-small:1.92%;--awb-spacing-left-small:1.92%;\"><div class=\"fusion-column-wrapper fusion-column-has-shadow fusion-flex-justify-content-flex-start fusion-content-layout-column\"><div class=\"fusion-title title fusion-title-1 fusion-sep-none fusion-title-text fusion-title-size-one\" style=\"--awb-text-color:#ff0000;--awb-margin-left:65px;--awb-margin-top-small:2%;--awb-margin-right-small:0px;--awb-margin-bottom-small:2%;--awb-margin-left-small:0px;--awb-font-size:30px;\"><h1 class=\"fusion-title-heading title-heading-left fusion-responsive-typography-calculated\" style=\"margin:0;font-size:1em;--fontSize:30;line-height:1;\">HALTERUNG FUER KERAMIKSCHEITE<\/h1><\/div><div class=\"fusion-image-carousel fusion-image-carousel-auto fusion-image-carousel-1 lightbox-enabled\"><div class=\"awb-carousel awb-swiper awb-swiper-carousel awb-carousel--carousel awb-swiper-dots-position-bottom\" data-layout=\"carousel\" data-autoplay=\"yes\" data-autoplayspeed=\"2500\" data-autoplaypause=\"no\" data-columns=\"1\" data-columnsmedium=\"1\" data-columnssmall=\"1\" data-itemmargin=\"13\" data-itemwidth=\"180\" data-touchscroll=\"no\" data-freemode=\"no\" data-imagesize=\"auto\" data-scrollitems=\"0\" data-centeredslides=\"no\" data-rotationangle=\"50\" data-depth=\"100\" data-speed=\"500\" data-shadow=\"no\" data-pagination=\"bullets\" style=\"--awb-columns:1;\"><div class=\"swiper-wrapper awb-image-carousel-wrapper fusion-flex-align-items-center\"><div class=\"swiper-slide\"><div class=\"fusion-carousel-item-wrapper\"><div class=\"fusion-image-wrapper hover-type-none\"><a data-rel=\"iLightbox[image_carousel_1]\" data-title=\"SUPPORTO CEPPI\" aria-label=\"SUPPORTO CEPPI\" href=\"https:\/\/biokamino.com\/wp-content\/uploads\/2021\/04\/SUPPORTO-CEPPI.jpg\" target=\"_self\"><img decoding=\"async\" width=\"1047\" height=\"729\" src=\"https:\/\/biokamino.com\/wp-content\/uploads\/2021\/04\/SUPPORTO-CEPPI.jpg\" class=\"attachment-full size-full\" alt=\"\" srcset=\"https:\/\/biokamino.com\/wp-content\/uploads\/2021\/04\/SUPPORTO-CEPPI-200x139.jpg 200w, https:\/\/biokamino.com\/wp-content\/uploads\/2021\/04\/SUPPORTO-CEPPI-300x209.jpg 300w, https:\/\/biokamino.com\/wp-content\/uploads\/2021\/04\/SUPPORTO-CEPPI-400x279.jpg 400w, https:\/\/biokamino.com\/wp-content\/uploads\/2021\/04\/SUPPORTO-CEPPI-500x348.jpg 500w, https:\/\/biokamino.com\/wp-content\/uploads\/2021\/04\/SUPPORTO-CEPPI-600x418.jpg 600w, https:\/\/biokamino.com\/wp-content\/uploads\/2021\/04\/SUPPORTO-CEPPI-700x487.jpg 700w, https:\/\/biokamino.com\/wp-content\/uploads\/2021\/04\/SUPPORTO-CEPPI-768x535.jpg 768w, https:\/\/biokamino.com\/wp-content\/uploads\/2021\/04\/SUPPORTO-CEPPI-800x557.jpg 800w, https:\/\/biokamino.com\/wp-content\/uploads\/2021\/04\/SUPPORTO-CEPPI-1024x713.jpg 1024w, https:\/\/biokamino.com\/wp-content\/uploads\/2021\/04\/SUPPORTO-CEPPI.jpg 1047w\" sizes=\"(max-width: 1047px) 100vw, 1047px\" \/><\/a><\/div><\/div><\/div><\/div><div class=\"awb-swiper-button awb-swiper-button-prev\"><i class=\"awb-icon-angle-left\" aria-hidden=\"true\"><\/i><\/div><div class=\"awb-swiper-button awb-swiper-button-next\"><i class=\"awb-icon-angle-right\" aria-hidden=\"true\"><\/i><\/div><\/div><\/div><div class=\"fusion-image-carousel fusion-image-carousel-fixed fusion-image-carousel-2 lightbox-enabled\"><div class=\"awb-carousel awb-swiper awb-swiper-carousel awb-carousel--carousel awb-swiper-dots-position-bottom\" data-layout=\"carousel\" data-autoplay=\"no\" data-autoplayspeed=\"2500\" data-autoplaypause=\"no\" data-columns=\"6\" data-columnsmedium=\"1\" data-columnssmall=\"1\" data-itemmargin=\"13\" data-itemwidth=\"180\" data-touchscroll=\"no\" data-freemode=\"no\" data-imagesize=\"fixed\" data-scrollitems=\"0\" data-centeredslides=\"no\" data-rotationangle=\"50\" data-depth=\"100\" data-speed=\"500\" data-shadow=\"no\" data-pagination=\"bullets\" style=\"--awb-columns:6;\"><div class=\"swiper-wrapper awb-image-carousel-wrapper fusion-flex-align-items-center\"><div class=\"swiper-slide\"><div class=\"fusion-carousel-item-wrapper\"><div class=\"fusion-image-wrapper hover-type-none\"><a data-rel=\"iLightbox[image_carousel_2]\" data-title=\"SUPPORTO CEPPI\" aria-label=\"SUPPORTO CEPPI\" href=\"https:\/\/biokamino.com\/wp-content\/uploads\/2021\/04\/SUPPORTO-CEPPI.jpg\" target=\"_self\"><img decoding=\"async\" width=\"320\" height=\"202\" src=\"https:\/\/biokamino.com\/wp-content\/uploads\/2021\/04\/SUPPORTO-CEPPI-320x202.jpg\" class=\"attachment-blog-medium size-blog-medium\" alt=\"\" \/><\/a><\/div><\/div><\/div><div class=\"swiper-slide\"><div class=\"fusion-carousel-item-wrapper\"><div class=\"fusion-image-wrapper hover-type-none\"><a data-rel=\"iLightbox[image_carousel_2]\" data-title=\"BIOKAMINO ACCESSORI SUPPORTO CEPPI 4\" aria-label=\"BIOKAMINO ACCESSORI SUPPORTO CEPPI 4\" href=\"https:\/\/biokamino.com\/wp-content\/uploads\/2021\/04\/BIOKAMINO-ACCESSORI-SUPPORTO-CEPPI-4.jpg\" target=\"_self\"><img decoding=\"async\" width=\"320\" height=\"202\" src=\"https:\/\/biokamino.com\/wp-content\/uploads\/2021\/04\/BIOKAMINO-ACCESSORI-SUPPORTO-CEPPI-4-320x202.jpg\" class=\"attachment-blog-medium size-blog-medium\" alt=\"\" \/><\/a><\/div><\/div><\/div><div class=\"swiper-slide\"><div class=\"fusion-carousel-item-wrapper\"><div class=\"fusion-image-wrapper hover-type-none\"><a data-rel=\"iLightbox[image_carousel_2]\" data-title=\"BIOKAMINO ACCESSORI SUPPORTO CEPPI 5\" aria-label=\"BIOKAMINO ACCESSORI SUPPORTO CEPPI 5\" href=\"https:\/\/biokamino.com\/wp-content\/uploads\/2021\/04\/BIOKAMINO-ACCESSORI-SUPPORTO-CEPPI-5.jpg\" target=\"_self\"><img decoding=\"async\" width=\"320\" height=\"202\" src=\"https:\/\/biokamino.com\/wp-content\/uploads\/2021\/04\/BIOKAMINO-ACCESSORI-SUPPORTO-CEPPI-5-320x202.jpg\" class=\"attachment-blog-medium size-blog-medium\" alt=\"\" \/><\/a><\/div><\/div><\/div><div class=\"swiper-slide\"><div class=\"fusion-carousel-item-wrapper\"><div class=\"fusion-image-wrapper hover-type-none\"><a data-rel=\"iLightbox[image_carousel_2]\" data-title=\"BIOKAMINO ACCESSORI SUPPORTO CEPPI 1\" aria-label=\"BIOKAMINO ACCESSORI SUPPORTO CEPPI 1\" href=\"https:\/\/biokamino.com\/wp-content\/uploads\/2021\/04\/BIOKAMINO-ACCESSORI-SUPPORTO-CEPPI-1.jpg\" target=\"_self\"><img decoding=\"async\" width=\"320\" height=\"202\" src=\"https:\/\/biokamino.com\/wp-content\/uploads\/2021\/04\/BIOKAMINO-ACCESSORI-SUPPORTO-CEPPI-1-320x202.jpg\" class=\"attachment-blog-medium size-blog-medium\" alt=\"\" \/><\/a><\/div><\/div><\/div><div class=\"swiper-slide\"><div class=\"fusion-carousel-item-wrapper\"><div class=\"fusion-image-wrapper hover-type-none\"><a data-rel=\"iLightbox[image_carousel_2]\" data-title=\"BIOKAMINO ACCESSORI SUPPORTO CEPPI 2\" aria-label=\"BIOKAMINO ACCESSORI SUPPORTO CEPPI 2\" href=\"https:\/\/biokamino.com\/wp-content\/uploads\/2021\/04\/BIOKAMINO-ACCESSORI-SUPPORTO-CEPPI-2.jpg\" target=\"_self\"><img decoding=\"async\" width=\"320\" height=\"202\" src=\"https:\/\/biokamino.com\/wp-content\/uploads\/2021\/04\/BIOKAMINO-ACCESSORI-SUPPORTO-CEPPI-2-320x202.jpg\" class=\"attachment-blog-medium size-blog-medium\" alt=\"\" \/><\/a><\/div><\/div><\/div><div class=\"swiper-slide\"><div class=\"fusion-carousel-item-wrapper\"><div class=\"fusion-image-wrapper hover-type-none\"><a data-rel=\"iLightbox[image_carousel_2]\" data-title=\"BIOKAMINO ACCESSORI SUPPORTO CEPPI 3\" aria-label=\"BIOKAMINO ACCESSORI SUPPORTO CEPPI 3\" href=\"https:\/\/biokamino.com\/wp-content\/uploads\/2021\/04\/BIOKAMINO-ACCESSORI-SUPPORTO-CEPPI-3.jpg\" target=\"_self\"><img decoding=\"async\" width=\"320\" height=\"202\" src=\"https:\/\/biokamino.com\/wp-content\/uploads\/2021\/04\/BIOKAMINO-ACCESSORI-SUPPORTO-CEPPI-3-320x202.jpg\" class=\"attachment-blog-medium size-blog-medium\" alt=\"\" \/><\/a><\/div><\/div><\/div><div class=\"swiper-slide\"><div class=\"fusion-carousel-item-wrapper\"><div class=\"fusion-image-wrapper hover-type-none\"><a data-rel=\"iLightbox[image_carousel_2]\" data-title=\"BIOKAMINO ACCESSORI SUPPORTO CEPPI\" aria-label=\"BIOKAMINO ACCESSORI SUPPORTO CEPPI\" href=\"https:\/\/biokamino.com\/wp-content\/uploads\/2021\/04\/BIOKAMINO-ACCESSORI-SUPPORTO-CEPPI.jpg\" target=\"_self\"><img decoding=\"async\" width=\"320\" height=\"202\" src=\"https:\/\/biokamino.com\/wp-content\/uploads\/2021\/04\/BIOKAMINO-ACCESSORI-SUPPORTO-CEPPI-320x202.jpg\" class=\"attachment-blog-medium size-blog-medium\" alt=\"\" \/><\/a><\/div><\/div><\/div><div class=\"swiper-slide\"><div class=\"fusion-carousel-item-wrapper\"><div class=\"fusion-image-wrapper hover-type-none\"><a data-rel=\"iLightbox[image_carousel_2]\" data-title=\"BIOKAMINO ACCESSORI SUPPORTO CEPPI DETTAGLI\" aria-label=\"BIOKAMINO ACCESSORI SUPPORTO CEPPI DETTAGLI\" href=\"https:\/\/biokamino.com\/wp-content\/uploads\/2021\/04\/BIOKAMINO-ACCESSORI-SUPPORTO-CEPPI-DETTAGLI.jpg\" target=\"_self\"><img decoding=\"async\" width=\"320\" height=\"202\" src=\"https:\/\/biokamino.com\/wp-content\/uploads\/2021\/04\/BIOKAMINO-ACCESSORI-SUPPORTO-CEPPI-DETTAGLI-320x202.jpg\" class=\"attachment-blog-medium size-blog-medium\" alt=\"\" \/><\/a><\/div><\/div><\/div><\/div><div class=\"awb-swiper-button awb-swiper-button-prev\"><i class=\"awb-icon-angle-left\" aria-hidden=\"true\"><\/i><\/div><div class=\"awb-swiper-button awb-swiper-button-next\"><i class=\"awb-icon-angle-right\" aria-hidden=\"true\"><\/i><\/div><\/div><\/div><\/div><\/div><div class=\"fusion-layout-column fusion_builder_column fusion-builder-column-1 fusion_builder_column_1_3 1_3 fusion-flex-column fusion-flex-align-self-stretch\" style=\"--awb-bg-size:cover;--awb-width-large:33.333333333333%;--awb-margin-top-large:0px;--awb-spacing-right-large:5.76%;--awb-margin-bottom-large:20px;--awb-spacing-left-large:5.76%;--awb-width-medium:33.333333333333%;--awb-order-medium:0;--awb-spacing-right-medium:5.76%;--awb-spacing-left-medium:5.76%;--awb-width-small:100%;--awb-order-small:0;--awb-spacing-right-small:1.92%;--awb-spacing-left-small:1.92%;\"><div class=\"fusion-column-wrapper fusion-column-has-shadow fusion-flex-justify-content-flex-start fusion-content-layout-column\"><div class=\"fusion-title title fusion-title-2 sep-underline sep-solid fusion-title-text fusion-title-size-one\" style=\"--awb-margin-top-small:2%;--awb-margin-right-small:0px;--awb-margin-bottom-small:2%;--awb-margin-left-small:0px;\"><h1 class=\"fusion-title-heading title-heading-left fusion-responsive-typography-calculated\" style=\"margin:0;--fontSize:40;line-height:1.5;\"><h4>Beschreibung<\/h4><\/h1><\/div><div class=\"fusion-text fusion-text-1\"><p>Halterung aus Edelstahl f\u00fcr \u00a0<a href=\"https:\/\/biokamino.com\/de\/zubehoer\/feuerfeste-keramikscheite\/\"><strong>Holzscheite aus Keramik.<\/strong><\/a><\/p>\n<p>Entworfen f\u00fcr die korrekte Verwendung von \u00a0<a href=\"https:\/\/biokamino.com\/de\/zubehoer\/feuerfeste-keramikscheite\/\"><strong>dekorativem Holz<\/strong><\/a>, as auf die Unterlage gelegt wird und keinen direkten Kontakt mit der Flamme erm\u00f6glicht und somit eine optimale Verbrennung gew\u00e4hrleistet.<\/p>\n<p>Durch die Verwendung der Halterung kommen die dekorativen Holzscheite nicht in direkten Kontakt mit der Feuer\u00f6ffnung und der Brennerklappe wodurch die Ansammlung von Staub oder R\u00fcckst\u00e4nden vermieden wird, die Schwierigkeiten beim L\u00f6schen verursachen k\u00f6nnten.<\/p>\n<p><strong>**<\/strong>Vorsicht die falsche Verwendung der Scheite aus k\u00fcnstlichem Holz kann den Biokamin besch\u00e4digen!<br \/>\nSehen Sie sich <a href=\"https:\/\/www.youtube.com\/watch?v=TjwcZq7hjoc\">dieses Video<\/a> genau an um die Scheite korrekt zu platzieren.<\/p>\n<\/div><div class=\"fusion-title title fusion-title-3 sep-underline sep-solid fusion-title-text fusion-title-size-one\" style=\"--awb-margin-top-small:2%;--awb-margin-right-small:0px;--awb-margin-bottom-small:2%;--awb-margin-left-small:0px;\"><h1 class=\"fusion-title-heading title-heading-left fusion-responsive-typography-calculated\" style=\"margin:0;--fontSize:40;line-height:1.5;\"><h4>Video<\/h4><\/h1><\/div><div class=\"fusion-video fusion-youtube\" style=\"--awb-max-width:320px;--awb-max-height:180px;\"><div class=\"video-shortcode\"><lite-youtube videoid=\"2puxQYuhqSA\" class=\"landscape\" params=\"wmode=transparent&autoplay=1&amp;enablejsapi=1\" title=\"YouTube video player 1\" data-button-label=\"Play Video\" width=\"320\" height=\"180\" data-thumbnail-size=\"auto\" data-no-cookie=\"on\"><\/lite-youtube><\/div><\/div><div class=\"fusion-separator fusion-full-width-sep\" style=\"align-self: center;margin-left: auto;margin-right: auto;margin-top:2%;margin-bottom:2%;width:100%;\"><\/div><div style=\"text-align:center;\"><a class=\"fusion-button button-flat fusion-button-default-size button-custom fusion-button-default button-1 fusion-button-span-yes fusion-button-default-type fusion-has-button-gradient\" style=\"--button_accent_color:#ffffff;--button_accent_hover_color:#cecece;--button_border_hover_color:#ffffff;--button_gradient_top_color:#e80707;--button_gradient_bottom_color:#d60707;--button_gradient_top_color_hover:#d60707;--button_gradient_bottom_color_hover:#e80707;\" target=\"_self\" href=\"#form\"><span class=\"fusion-button-text awb-button__text awb-button__text--default\">Fordern Sie Informationen an<\/span><\/a><\/div>\n<\/div><\/div><\/div><\/div>\n","protected":false},"excerpt":{"rendered":"","protected":false},"author":1,"featured_media":4849,"parent":4796,"menu_order":0,"comment_status":"closed","ping_status":"closed","template":"","meta":{"footnotes":""},"class_list":["post-4847","page","type-page","status-publish","has-post-thumbnail","hentry"],"_links":{"self":[{"href":"https:\/\/biokamino.com\/de\/wp-json\/wp\/v2\/pages\/4847","targetHints":{"allow":["GET"]}}],"collection":[{"href":"https:\/\/biokamino.com\/de\/wp-json\/wp\/v2\/pages"}],"about":[{"href":"https:\/\/biokamino.com\/de\/wp-json\/wp\/v2\/types\/page"}],"author":[{"embeddable":true,"href":"https:\/\/biokamino.com\/de\/wp-json\/wp\/v2\/users\/1"}],"replies":[{"embeddable":true,"href":"https:\/\/biokamino.com\/de\/wp-json\/wp\/v2\/comments?post=4847"}],"version-history":[{"count":3,"href":"https:\/\/biokamino.com\/de\/wp-json\/wp\/v2\/pages\/4847\/revisions"}],"predecessor-version":[{"id":8102,"href":"https:\/\/biokamino.com\/de\/wp-json\/wp\/v2\/pages\/4847\/revisions\/8102"}],"up":[{"embeddable":true,"href":"https:\/\/biokamino.com\/de\/wp-json\/wp\/v2\/pages\/4796"}],"wp:featuredmedia":[{"embeddable":true,"href":"https:\/\/biokamino.com\/de\/wp-json\/wp\/v2\/media\/4849"}],"wp:attachment":[{"href":"https:\/\/biokamino.com\/de\/wp-json\/wp\/v2\/media?parent=4847"}],"curies":[{"name":"wp","href":"https:\/\/api.w.org\/{rel}","templated":true}]}}