{"id":4796,"date":"2018-06-19T13:59:09","date_gmt":"2018-06-19T13:59:09","guid":{"rendered":"https:\/\/biokamino.com\/accessories\/"},"modified":"2022-10-19T09:42:59","modified_gmt":"2022-10-19T07:42:59","slug":"zubehoer","status":"publish","type":"page","link":"https:\/\/biokamino.com\/de\/zubehoer\/","title":{"rendered":"ZUBEHOER"},"content":{"rendered":"<p><div class=\"fusion-fullwidth fullwidth-box fusion-builder-row-1 fusion-flex-container nonhundred-percent-fullwidth non-hundred-percent-height-scrolling\" style=\"--awb-border-radius-top-left:0px;--awb-border-radius-top-right:0px;--awb-border-radius-bottom-right:0px;--awb-border-radius-bottom-left:0px;--awb-flex-wrap:wrap;\" ><div class=\"fusion-builder-row fusion-row fusion-flex-align-items-flex-start fusion-flex-content-wrap\" style=\"max-width:1216.8px;margin-left: calc(-4% \/ 2 );margin-right: calc(-4% \/ 2 );\"><div class=\"fusion-layout-column fusion_builder_column fusion-builder-column-0 fusion_builder_column_1_1 1_1 fusion-flex-column\" style=\"--awb-bg-size:cover;--awb-width-large:100%;--awb-margin-top-large:0px;--awb-spacing-right-large:1.92%;--awb-margin-bottom-large:20px;--awb-spacing-left-large:1.92%;--awb-width-medium:100%;--awb-order-medium:0;--awb-spacing-right-medium:1.92%;--awb-spacing-left-medium:1.92%;--awb-width-small:100%;--awb-order-small:0;--awb-spacing-right-small:1.92%;--awb-spacing-left-small:1.92%;\"><div class=\"fusion-column-wrapper fusion-column-has-shadow fusion-flex-justify-content-flex-start fusion-content-layout-column\"><div class=\"fusion-title title fusion-title-1 sep-underline sep-solid fusion-title-text fusion-title-size-two\" style=\"--awb-margin-top-small:2%;--awb-margin-right-small:0px;--awb-margin-bottom-small:2%;--awb-margin-left-small:0px;\"><h2 class=\"fusion-title-heading title-heading-left fusion-responsive-typography-calculated\" style=\"margin:0;--fontSize:30;line-height:1.3;\">ZUBEHOER<\/h2><\/div><\/div><\/div><\/div><\/div><div class=\"fusion-fullwidth fullwidth-box fusion-builder-row-2 fusion-flex-container nonhundred-percent-fullwidth non-hundred-percent-height-scrolling\" style=\"--awb-border-radius-top-left:0px;--awb-border-radius-top-right:0px;--awb-border-radius-bottom-right:0px;--awb-border-radius-bottom-left:0px;--awb-flex-wrap:wrap;\" ><div class=\"fusion-builder-row fusion-row fusion-flex-align-items-stretch fusion-flex-justify-content-center fusion-flex-content-wrap\" style=\"max-width:1216.8px;margin-left: calc(-4% \/ 2 );margin-right: calc(-4% \/ 2 );\"><div class=\"fusion-layout-column fusion_builder_column fusion-builder-column-1 fusion_builder_column_1_1 1_1 fusion-flex-column\" style=\"--awb-bg-size:cover;--awb-width-large:100%;--awb-margin-top-large:0px;--awb-spacing-right-large:1.92%;--awb-margin-bottom-large:20px;--awb-spacing-left-large:1.92%;--awb-width-medium:100%;--awb-order-medium:0;--awb-spacing-right-medium:1.92%;--awb-spacing-left-medium:1.92%;--awb-width-small:100%;--awb-order-small:0;--awb-spacing-right-small:1.92%;--awb-spacing-left-small:1.92%;\"><div class=\"fusion-column-wrapper fusion-column-has-shadow fusion-flex-justify-content-flex-start fusion-content-layout-column\"><div class=\"fusion-flip-boxes flip-boxes row fusion-columns-4 flip-effect-classic equal-heights\"><div class=\"fusion-flip-box-wrapper fusion-column col-lg-3 col-md-3 col-sm-3\"><div class=\"fusion-flip-box flip-right\" tabindex=\"0\"><div class=\"flip-box-inner-wrapper\"><div class=\"flip-box-front\" style=\"--awb-border-radius:10px;--awb-background-color-front:#ffffff;\"><div class=\"flip-box-front-inner\"><div class=\"flip-box-grafix flip-box-image\"><img decoding=\"async\" src=\"https:\/\/biokamino.com\/wp-content\/uploads\/2021\/04\/BIOKAMINO-ACCESSORI-CEPPI-CERAMICI-1.jpg\" width=\"200\" height=\"200\" alt=\"Biokamino accessori ceppi ceramici\" \/><\/div>KERAMIKSCHEITE<\/div><\/div><div class=\"flip-box-back\" style=\"--awb-border-radius:10px;--awb-background-color-back:#ffffff;\"><div class=\"flip-box-back-inner\">\n<h4 style=\"text-align: center;\"><span style=\"color: #333333;\"><a style=\"color: #333333;\" href=\"https:\/\/biokamino.com\/de\/zubehoer\/feuerfeste-keramikscheite\/\">KERAMIKSCHEITE <\/a><\/span><\/h4>\n<p style=\"text-align: center;\"><span style=\"color: #333333;\"><a style=\"color: #333333;\" href=\"https:\/\/biokamino.com\/de\/zubehoer\/feuerfeste-keramikscheite\/\">Scheite aus feuerfester Keramik, perfekte Nachbildung der von der Flamme geschw\u00e4rzten Scheiten aus echtem Holz.<strong><br \/>\n<\/strong><\/a><\/span><\/p>\n<\/div><\/div><\/div><\/div><\/div><div class=\"fusion-flip-box-wrapper fusion-column col-lg-3 col-md-3 col-sm-3\"><div class=\"fusion-flip-box flip-right\" tabindex=\"0\"><div class=\"flip-box-inner-wrapper\"><div class=\"flip-box-front\" style=\"--awb-border-radius:10px;--awb-background-color-front:#ffffff;\"><div class=\"flip-box-front-inner\"><div class=\"flip-box-grafix flip-box-image\"><img decoding=\"async\" src=\"https:\/\/biokamino.com\/wp-content\/uploads\/2021\/03\/deflettore-tv-sito-quadrato.jpg\" width=\"200\" height=\"200\" alt=\"Biokamino accessori deflettore salva tv\" \/><\/div>DEFLEKTOR FERNSEH-SCHUTZ <\/div><\/div><div class=\"flip-box-back\" style=\"--awb-border-radius:10px;--awb-background-color-back:#ffffff;\"><div class=\"flip-box-back-inner\">\n<h4 class=\"fusion-responsive-typography-calculated\" style=\"text-align: center;\" data-fontsize=\"18\" data-lineheight=\"27px\"><span style=\"color: #333333;\"><a style=\"color: #333333;\" href=\"https:\/\/biokamino.com\/de\/zubehoer\/deflektor-fernseh-schutz\/\">DEFLEKTOR FERNSEH-SCHUTZ <\/a><\/span><\/h4>\n<p style=\"text-align: center;\"><span style=\"color: #000000;\"><a style=\"color: #000000;\" href=\"https:\/\/biokamino.com\/de\/zubehoer\/deflektor-fernseh-schutz\/\"><span style=\"color: #333333;\">Versenkbar, wurde entwickelt um Ihr Fernsehger\u00e4t vor der W\u00e4rme des eingebauten, unter dem Fernseher installierten bioKamino zu sch\u00fctzen.<\/span> <\/a><\/span><\/p>\n<\/div><\/div><\/div><\/div><\/div><div class=\"fusion-flip-box-wrapper fusion-column col-lg-3 col-md-3 col-sm-3\"><div class=\"fusion-flip-box flip-right\" tabindex=\"0\"><div class=\"flip-box-inner-wrapper\"><div class=\"flip-box-front\" style=\"--awb-border-radius:10px;--awb-background-color-front:#ffffff;\"><div class=\"flip-box-front-inner\"><div class=\"flip-box-grafix flip-box-image\"><img decoding=\"async\" src=\"https:\/\/biokamino.com\/wp-content\/uploads\/2021\/04\/BIOKAMINO-ACCESSORI-SUPPORTO-CEPPI-CAT.jpg\" width=\"200\" height=\"200\" alt=\"Biokamino accessori supporto ceppi\" \/><\/div>HALTERUNG FUER KERAMIKSCHEITE<\/div><\/div><div class=\"flip-box-back\" style=\"--awb-border-radius:10px;--awb-background-color-back:#ffffff;\"><div class=\"flip-box-back-inner\">\n<h4 class=\"fusion-responsive-typography-calculated\" style=\"text-align: center;\" data-fontsize=\"18\" data-lineheight=\"27px\"><span style=\"color: #333333;\"><a style=\"color: #333333;\" href=\"https:\/\/biokamino.com\/de\/zubehoer\/halterung-fuer-keramikscheite\/\">HALTERUNG FUER KERAMIKSCHEITE <\/a><\/span><\/h4>\n<p style=\"text-align: center;\"><span style=\"color: #000000;\"><a style=\"color: #000000;\" href=\"https:\/\/biokamino.com\/de\/zubehoer\/halterung-fuer-keramikscheite\/\"><span style=\"color: #333333;\">Halterung aus Edelstahl f\u00fcr Holzscheite aus Keramik.<\/span> <\/a><\/span><\/p>\n<\/div><\/div><\/div><\/div><\/div><\/div><div class=\"fusion-flip-boxes flip-boxes row fusion-columns-4 flip-effect-classic equal-heights\"><div class=\"fusion-flip-box-wrapper fusion-column col-lg-3 col-md-3 col-sm-3\"><div class=\"fusion-flip-box flip-right\" tabindex=\"0\"><div class=\"flip-box-inner-wrapper\"><div class=\"flip-box-front\" style=\"--awb-border-radius:10px;--awb-background-color-front:#ffffff;\"><div class=\"flip-box-front-inner\"><div class=\"flip-box-grafix flip-box-image\"><img decoding=\"async\" src=\"https:\/\/biokamino.com\/wp-content\/uploads\/2021\/03\/Accessori-PBB.jpg\" width=\"200\" height=\"200\" alt=\"Biokamino accessori iottoli ceramici\" \/><\/div>KERAMIKSTEINE<\/div><\/div><div class=\"flip-box-back\" style=\"--awb-border-radius:10px;--awb-background-color-back:#ffffff;\"><div class=\"flip-box-back-inner\">\n<h4 style=\"text-align: center;\"><span style=\"color: #333333;\"><a style=\"color: #333333;\" href=\"https:\/\/biokamino.com\/de\/zubehoer\/steine\/\">KERAMIKSTEINE<\/a><\/span><\/h4>\n<p style=\"text-align: center;\"><span style=\"color: #333333;\"><a style=\"color: #333333;\" href=\"https:\/\/biokamino.com\/de\/zubehoer\/steine\/\">Die feuerfesten Keramiksteine sind ideal, um Ihren bioKamino stilvoll und elegant zu dekorieren.<\/a><\/span><\/p>\n<\/div><\/div><\/div><\/div><\/div><div class=\"fusion-flip-box-wrapper fusion-column col-lg-3 col-md-3 col-sm-3\"><div class=\"fusion-flip-box flip-right\" tabindex=\"0\"><div class=\"flip-box-inner-wrapper\"><div class=\"flip-box-front\" style=\"--awb-border-radius:10px;--awb-background-color-front:#ffffff;\"><div class=\"flip-box-front-inner\"><div class=\"flip-box-grafix flip-box-image\"><img decoding=\"async\" src=\"https:\/\/biokamino.com\/wp-content\/uploads\/2021\/04\/INVOLUCRI-BKBF-pavimento-300x300.jpg\" width=\"200\" height=\"200\" alt=\"\" \/><\/div>GEHAEUSE FUER BKBF <\/div><\/div><div class=\"flip-box-back\" style=\"--awb-border-radius:10px;--awb-background-color-back:#ffffff;\"><div class=\"flip-box-back-inner\">\n<h4 style=\"text-align: center;\"><span style=\"color: #333333;\"><a style=\"color: #333333;\" href=\"https:\/\/biokamino.com\/de\/gehaeuse-fuer-bkbf\/\">GEHAEUSE FUER BKBF <\/a><\/span><\/h4>\n<p style=\"text-align: center;\"><span style=\"color: #333333;\"><a style=\"color: #333333;\" href=\"https:\/\/biokamino.com\/de\/gehaeuse-fuer-bkbf\/\">Die neuen Geh\u00e4use der Einbaulinie wurden speziell f\u00fcr diejenigen entwickelt, die keinen Kamin in eine Nische einbauen k\u00f6nnen.<\/a><\/span><\/p>\n<\/div><\/div><\/div><\/div><\/div><div class=\"fusion-flip-box-wrapper fusion-column col-lg-3 col-md-3 col-sm-3\"><div class=\"fusion-flip-box flip-right\" tabindex=\"0\"><div class=\"flip-box-inner-wrapper\"><div class=\"flip-box-front\" style=\"--awb-border-radius:10px;--awb-background-color-front:#ffffff;\"><div class=\"flip-box-front-inner\"><div class=\"flip-box-grafix flip-box-image\"><img decoding=\"async\" src=\"https:\/\/biokamino.com\/wp-content\/uploads\/CRYSTAL-LOUVRE-300x300.jpg\" width=\"200\" height=\"200\" alt=\"\" \/><\/div>CRYSTAL LOUVRE<\/div><\/div><div class=\"flip-box-back\" style=\"--awb-border-radius:10px;--awb-background-color-back:#ffffff;\"><div class=\"flip-box-back-inner\">\n<h4 style=\"text-align: center;\"><span style=\"color: #333333;\"><a style=\"color: #333333;\" href=\"https:\/\/biokamino.com\/de\/biocamino\/crystal-louvre\/\">CRYSTAL LOUVRE<\/a><\/span><\/h4>\n<p style=\"text-align: center;\"><span style=\"color: #333333;\"><a style=\"color: #333333;\" href=\"https:\/\/biokamino.com\/de\/biocamino\/crystal-louvre\/\">Couchtisch aus Glas, entworfen, um den bioKamino Louvre zu umh\u00fcllen<\/a><\/span><\/p>\n<\/div><\/div><\/div><\/div><\/div><div class=\"fusion-flip-box-wrapper fusion-column col-lg-3 col-md-3 col-sm-3\"><div class=\"fusion-flip-box flip-right\" tabindex=\"0\"><div class=\"flip-box-inner-wrapper\"><div class=\"flip-box-front\" style=\"--awb-border-radius:10px;--awb-background-color-front:#ffffff;\"><div class=\"flip-box-front-inner\"><div class=\"flip-box-grafix flip-box-image\"><img decoding=\"async\" src=\"https:\/\/biokamino.com\/wp-content\/uploads\/BIOKAMINO-BIOCAMINO-DA-PAVIMENTO-OLYMPUS-ACCESSORIO-TAVOLINO.jpg\" width=\"200\" height=\"200\" alt=\"\" \/><\/div>Petite table Olympus<\/div><\/div><div class=\"flip-box-back\" style=\"--awb-border-radius:10px;--awb-background-color-back:#ffffff;\"><div class=\"flip-box-back-inner\">\n<h4 style=\"text-align: center;\"><span style=\"color: #333333;\"><a style=\"color: #333333;\" href=\"https:\/\/biokamino.com\/de\/zubehoer\/olympus-tisch\/\">OLYMPUS TISCH <\/a><\/span><\/h4>\n<p style=\"text-align: center;\"><span style=\"color: #333333;\"><a style=\"color: #333333;\" href=\"https:\/\/biokamino.com\/de\/zubehoer\/olympus-tisch\/\">Dieses Tischchen aus rostfreiem Stahl wurde speziell f\u00fcr die Einf\u00fcgung der Olympus Biokamine entwickelt.<\/a><\/span><\/p>\n<\/div><\/div><\/div><\/div><\/div><\/div><\/div><\/div><\/div><\/div><\/p>\n","protected":false},"excerpt":{"rendered":"","protected":false},"author":1,"featured_media":11456,"parent":0,"menu_order":0,"comment_status":"closed","ping_status":"closed","template":"","meta":{"footnotes":""},"class_list":["post-4796","page","type-page","status-publish","has-post-thumbnail","hentry"],"_links":{"self":[{"href":"https:\/\/biokamino.com\/de\/wp-json\/wp\/v2\/pages\/4796","targetHints":{"allow":["GET"]}}],"collection":[{"href":"https:\/\/biokamino.com\/de\/wp-json\/wp\/v2\/pages"}],"about":[{"href":"https:\/\/biokamino.com\/de\/wp-json\/wp\/v2\/types\/page"}],"author":[{"embeddable":true,"href":"https:\/\/biokamino.com\/de\/wp-json\/wp\/v2\/users\/1"}],"replies":[{"embeddable":true,"href":"https:\/\/biokamino.com\/de\/wp-json\/wp\/v2\/comments?post=4796"}],"version-history":[{"count":9,"href":"https:\/\/biokamino.com\/de\/wp-json\/wp\/v2\/pages\/4796\/revisions"}],"predecessor-version":[{"id":12977,"href":"https:\/\/biokamino.com\/de\/wp-json\/wp\/v2\/pages\/4796\/revisions\/12977"}],"wp:featuredmedia":[{"embeddable":true,"href":"https:\/\/biokamino.com\/de\/wp-json\/wp\/v2\/media\/11456"}],"wp:attachment":[{"href":"https:\/\/biokamino.com\/de\/wp-json\/wp\/v2\/media?parent=4796"}],"curies":[{"name":"wp","href":"https:\/\/api.w.org\/{rel}","templated":true}]}}